{"id":9435,"date":"2025-06-26T11:40:18","date_gmt":"2025-06-26T09:40:18","guid":{"rendered":"https:\/\/www.nafaxles.com\/?page_id=9435"},"modified":"2025-07-03T11:04:47","modified_gmt":"2025-07-03T09:04:47","slug":"praktikum","status":"publish","type":"page","link":"https:\/\/www.nafaxles.com\/de\/karriere\/praktikum\/","title":{"rendered":"Praktikum"},"content":{"rendered":"\r\n        <section class=\"slider-section\">\r\n            <div class=\"slider-content-wrapper\">\r\n                <div class=\"owl-carousel\">\r\n            <div class=\"slide wt-gf1-0\">\r\n                <div class=\"image-area\">\r\n                    <img loading=\"lazy\" decoding=\"async\" width=\"1701\" height=\"595\" src=\"https:\/\/www.nafaxles.com\/wp-content\/uploads\/2025\/06\/Praktikum_Header.jpg\" class=\"attachment-full size-full\" alt=\"\" srcset=\"https:\/\/www.nafaxles.com\/wp-content\/uploads\/2025\/06\/Praktikum_Header.jpg 1701w, https:\/\/www.nafaxles.com\/wp-content\/uploads\/2025\/06\/Praktikum_Header-300x105.jpg 300w, https:\/\/www.nafaxles.com\/wp-content\/uploads\/2025\/06\/Praktikum_Header-1024x358.jpg 1024w, https:\/\/www.nafaxles.com\/wp-content\/uploads\/2025\/06\/Praktikum_Header-768x269.jpg 768w, https:\/\/www.nafaxles.com\/wp-content\/uploads\/2025\/06\/Praktikum_Header-1536x537.jpg 1536w\" sizes=\"auto, (max-width: 1701px) 100vw, 1701px\" \/>\r\n                <\/div>\r\n                <div class=\"text-area\">\r\n                    <span class=\"over-headline upper\"><\/span>\r\n                    <h2 class=\"slide-headline upper\">BAU MIT UNS <br> DIE BESTE ACHSE DER WELT<\/h2>\r\n                    \r\n                    \r\n                        <a href=\"https:\/\/zukunft.nafaxles.com\/de\" title=\"JETZT BEWERBEN\" target=\"_blank\" rel=\"noopener\">\r\n                            <div class=\"btn btn-blue\">\r\n                                <span>JETZT BEWERBEN<\/span>\r\n                            <\/div>\r\n                        <\/a>\r\n                <\/div>\r\n            <\/div>\r\n                <\/div>\r\n                \r\n                \r\n            <\/div>\r\n            \r\n            <noscript>\r\n                <style>\r\n                    \r\n                    .slider-section .box-wrapper.hidden, \r\n                    .slider-section .box-wrapper .box-content.hidden,                    \r\n                    .slider-section .owl-carousel {display:block !important;}\r\n                    \r\n                    .slider-section .owl-pagination,\r\n                    .slider-section .owl-control,\r\n                    .slider-section .box-wrapper .close-button,\r\n                    .slider-section .box-wrapper:before {\r\n                        display:none !important;\r\n                    }\r\n                    .slider-section .owl-carousel .slide {overflow:hidden;}\r\n                    .slider-section .box-wrapper {position:relative !important;}\r\n                    .slider-section .box-wrapper .box-content {margin: 25px auto !important;}\r\n                <\/style>\r\n            <\/noscript>\r\n        <\/section>\n\n\r\n                        <section class=\"textBlock   bg-naf-\">\r\n                            \r\n                                <div class=\"container\">\r\n                                    \r\n                                    \r\n                                    \r\n                                    \r\n                                    \r\n                                    <div class=\"row\">                                        \r\n                        <div class=\"col\">\r\n                            <h1 class=\"textBlock-headline text-naf- upper    center center\">JOBWELT ENTDECKEN<\/h1>\r\n                         \r\n                        <\/div>                                        \r\n                    <\/div>\r\n                                    \r\n                                    <div class=\"row text\">\r\n                                        <div class=\"col\">\r\n                                            <div class=\"textBlock-text fs-16 fw-medium lh-26 text-naf-\">\r\n                                                \n<p class=\"wp-block-wt-text-block center\">Deine Ausbildungs- oder Jobentscheidung r\u00fcckt n\u00e4her?<br>Du bist noch unsicher in welche Richtung es f\u00fcr dich geht? &#8211; Wir zeigen dir, was dich bei uns erwartet. Bewirb dich f\u00fcr ein Praktikum und werde FAN der NAF!<\/p>\n\r\n                                            <\/div>\r\n                                        <\/div>                                        \r\n                                    <\/div>\r\n                                    \r\n                                    <div class=\"d-md-flex align-items-center justify-content-center gap-5\">\r\n                                    <div class=\"text-button-styles\">\r\n                            <a target=\"_blank\" href=\"https:\/\/zukunft.nafaxles.com\/de\" class=\" bg-blue \">Praktikant\/ -in werden<\/a>\r\n                          <\/div>\r\n                                    \r\n                                        \r\n                            <\/div>\r\n                                <\/div>  \r\n                                                           \r\n                        <\/section>\r\n                    \n\n\n<div style=\"height:50px\" aria-hidden=\"true\" class=\"wp-block-spacer\"><\/div>\n\n\n<section id=\"default-naf\" class=\"split-block split-block-id-69de2786e3ffd split-block-layout-boxed split-block-select-layout-0 default-naf container-70x30\">\r\n                            \r\n                <div class=\"container\">\r\n                    \r\n                    <div class=\"split-wrapper\">\r\n                        <div class=\"row d-flex w-100 \">\r\n                        \r\n                            <div class=\"col-12 col-lg-8 px-lg-0 mob \">\r\n                                <div class=\"content-70x30 d-flex align-items-center bg-white\">\r\n                             \r\n                                    <div class=\"content-wrapper px-4\">\r\n                                        <img class='image-content-70x30' src=''\/> \r\n                                        <h2 class='headline text-black'>SCH\u00dcLERPRAKTIKUM<\/h2>\r\n                                        \r\n                                        <div class=\"con-wrapper text- \">\r\n                                            \n<p class=\"wp-block-wt-split-block\">Du kannst dir nicht vorstellen, was dich w\u00e4hrend einer Ausbildung erwartet? Dann schnupper doch mal rein und mache ein Betriebspraktikum bei uns! <br><br>Im kaufm\u00e4nnischen Bereich durchl\u00e4ufst du Abteilungen wie Finanzbuchhaltung, Vertrieb, Produktionssteuerung und Einkauf. Im gewerblichen Bereich erwartet dich ein Crashkurs in Feil- und Nietarbeiten, Gewindeschneiden, Bohren und Drehen.<br><br>Achtung: F\u00fcr ein Pflichtpraktikum ben\u00f6tigst du ein Mindestalter von 14 Jahren, f\u00fcr ein freiwilliges Praktikum in den Ferien ein Mindestalter von 15 Jahren.<br><br>Interessiert? &#8211; Dann sende uns deine Kurzbewerbung mit dem letzten Schulzeugnis bitte einfach \u00fcber unser Jobportal.<\/p>\n \r\n                                            <div class=\"text-button-blue \">\r\n        <a target=\"_blank\" href=\"https:\/\/zukunft.nafaxles.com\/de\" class=\"\">HIER BEWERBEN<\/a>\r\n    <\/div>\r\n                                        <\/div>\r\n                                                                      \r\n                                    <\/div>\r\n                                    \r\n                                <\/div>\r\n                             \r\n                            <\/div>\r\n                            \r\n                            <div class=\"col-12 col-lg-4 ps-lg-0 mob d-flex align-items-center \">\r\n                                <img loading=\"lazy\" decoding=\"async\" width=\"533\" height=\"533\" src=\"https:\/\/www.nafaxles.com\/wp-content\/uploads\/2025\/06\/Praktikum_Schuler.jpg\" class=\"img-fluid img-width-height\" alt=\"\" srcset=\"https:\/\/www.nafaxles.com\/wp-content\/uploads\/2025\/06\/Praktikum_Schuler.jpg 533w, https:\/\/www.nafaxles.com\/wp-content\/uploads\/2025\/06\/Praktikum_Schuler-300x300.jpg 300w, https:\/\/www.nafaxles.com\/wp-content\/uploads\/2025\/06\/Praktikum_Schuler-150x150.jpg 150w\" sizes=\"auto, (max-width: 533px) 100vw, 533px\" \/>\r\n                            <\/div>\r\n                            \r\n                        <\/div>\r\n                    <\/div>                            \r\n                <\/div>\r\n                                                  \r\n            <\/section>\n\n\n<div style=\"height:50px\" aria-hidden=\"true\" class=\"wp-block-spacer\"><\/div>\n\n\n            \r\n            <section id=\"default-naf\" class=\"split-block split-block-id-69de2786e431c split-block-layout-boxed split-block-select-layout-1 default-naf container-70x30\">\r\n                            \r\n                    <div class=\"container\">                        \r\n                        \r\n                        <div class=\"split-wrapper\">\r\n                            <div class=\"row d-flex w-100 \">\r\n                            \r\n                                <div class=\"col-12 col-lg-4 pe-lg-0 mob d-flex align-items-center justify-content-end\">\r\n                                    <img loading=\"lazy\" decoding=\"async\" width=\"533\" height=\"533\" src=\"https:\/\/www.nafaxles.com\/wp-content\/uploads\/2025\/06\/Praktikum_Studenten.jpg\" class=\"img-fluid img-width-height\" alt=\"\" srcset=\"https:\/\/www.nafaxles.com\/wp-content\/uploads\/2025\/06\/Praktikum_Studenten.jpg 533w, https:\/\/www.nafaxles.com\/wp-content\/uploads\/2025\/06\/Praktikum_Studenten-300x300.jpg 300w, https:\/\/www.nafaxles.com\/wp-content\/uploads\/2025\/06\/Praktikum_Studenten-150x150.jpg 150w\" sizes=\"auto, (max-width: 533px) 100vw, 533px\" \/>\r\n                                <\/div>\r\n                                \r\n                                <div class=\"col-12 col-lg-8 mob ps-lg-0\">\r\n                                    <div class=\"content-70x30 d-flex align-items-center bg-white text-right\">\r\n                                       \r\n                                       <div class=\"content-wrapper px-4\">\r\n                                            <img class='image-content-70x30' src=''\/> \r\n                                            <h2 class='headline text-black'>PRAKTIKUM F\u00dcR STUDIERENDE<\/h2>\r\n                                            \r\n                                            <div class=\"con-wrapper text-\">\r\n                                                \n<p class=\"wp-block-wt-split-block\">Sammle schon w\u00e4hrend deines Studiums wertvolle Berufserfahrung in spannenden Projekten \u2013 wir haben die passenden Praktika f\u00fcr dich! <br><br>Schau gleich mal in unser Jobportal. Als Maschinenbau- oder Wirtschaftsingenieurstudent kannst du uns auch jederzeit eine Initiativbewerbung f\u00fcr ein Praktikum schicken.<\/p>\n\r\n                                                <div class=\"text-button-blue \">\r\n        <a target=\"_blank\" href=\"https:\/\/zukunft.nafaxles.com\/de\" class=\"\">HIER BEWERBEN<\/a>\r\n    <\/div>\r\n                                              \r\n                                            <\/div>\r\n                                            \r\n                                       <\/div>\r\n                                    <\/div>\r\n                                <\/div>\r\n                                \r\n                            <\/div>\r\n                        <\/div>                            \r\n                    <\/div>\r\n                                                  \r\n            <\/section>\n\n\n<div style=\"height:100px\" aria-hidden=\"true\" class=\"wp-block-spacer\"><\/div>\n\n\n\r\n                        <section class=\"textBlock pt-5  bg-naf-gray\">\r\n                            \r\n                                <div class=\"container\">\r\n                                    \r\n                                    \r\n                                    \r\n                                    \r\n                                    \r\n                                    <div class=\"row\">                                        \r\n                        <div class=\"col\">\r\n                            <h1 class=\"textBlock-headline text-naf-white upper    center center\">Ansprechpartner<\/h1>\r\n                         \r\n                        <\/div>                                        \r\n                    <\/div>\r\n                                    \r\n                                    <div class=\"row text\">\r\n                                        <div class=\"col\">\r\n                                            <div class=\"textBlock-text fs-16 fw-medium lh-26 text-naf-white\">\r\n                                                \n<p class=\"wp-block-wt-text-block center\">Du brauchst noch weitere Informationen oder hast Fragen? Unser Ausbildungsteam freut sich auf deine Nachricht.<\/p>\n\r\n                                            <\/div>\r\n                                        <\/div>                                        \r\n                                    <\/div>\r\n                                    \r\n                                    <div class=\"align-items-center justify-content-center gap-5\">\r\n                                    \r\n                                        \r\n                            <\/div>\r\n                                <\/div>  \r\n                                                           \r\n                        <\/section>\r\n                    \n\n\r\n  \r\n    <section class=\"card-block pt-5 pb-5 bg-naf-gray card-block-id-69de2786e469b\">\r\n        \r\n        <div class=\"container container-two-two\">\r\n            <div class=\"row card-items-container\">\r\n                \r\n            <div class=\"card-item card-container col-12 col-md-6\" id=\"card-1\">\r\n                <div class=\"image-naf-card\"><img decoding=\"async\" class=\"card-icons\" src=\"https:\/\/www.nafaxles.com\/wp-content\/uploads\/2025\/06\/Ausbilder_gewerblich.jpg\" alt=\"Card Icon\"><\/div>\r\n                <div class=\"front-card\" onclick=\"toggle_card(1)\">\r\n                    \r\n                    <p class=\"front-card-title\">GEWERBLICHE <br>AUSBILDUNG<\/p>\r\n                    <div class=\"icon-button-open\">+<\/div>\r\n                <\/div>\r\n          \r\n   \r\n                <div class=\"back-card d-none\">  \r\n                    <div class=\"back-card-content\"><p>&#97;&#x75;s&#x62;&#x69;&#108;&#x64;u&#x6e;&#x67;&#64;&#x6e;a&#x66;&#x61;&#120;&#x6c;e&#x73;&#x2e;&#99;&#x6f;m<\/p>\n<p>Stefan Singer<br \/>\nTelefon +49 9134 702 601<\/p>\n<p>Andreas M\u00f6lkner<br \/>\nTelefon +49 9134 702 614<\/p>\n<\/div>\r\n                    <div class=\"icon-button-close\" onclick=\"toggle_card(1)\">&#8211;<\/div>\r\n                <\/div>\r\n            <\/div>\r\n        \r\n            <div class=\"card-item card-container col-12 col-md-6\" id=\"card-2\">\r\n                <div class=\"image-naf-card\"><img decoding=\"async\" class=\"card-icons\" src=\"https:\/\/www.nafaxles.com\/wp-content\/uploads\/2025\/06\/Ausbilder_kaufmannisch.jpg\" alt=\"Card Icon\"><\/div>\r\n                <div class=\"front-card\" onclick=\"toggle_card(2)\">\r\n                    \r\n                    <p class=\"front-card-title\">KAUFM\u00c4NNISCHE AUSBILDUNG<\/p>\r\n                    <div class=\"icon-button-open\">+<\/div>\r\n                <\/div>\r\n          \r\n   \r\n                <div class=\"back-card d-none\">  \r\n                    <div class=\"back-card-content\"><p>a&#117;&#x73;&#x62;&#x69;l&#100;&#117;&#x6e;&#x67;&#64;&#110;&#97;&#x66;&#x61;xl&#101;&#x73;&#x2e;&#x63;o&#109;<\/p>\n<p>Alexandra Wei\u00df<br \/>\nTelefon +49 9134 702 127<\/p>\n<p>Vanessa Wagner<br \/>\nTelefon +49 9134 702 655<\/p>\n<\/div>\r\n                    <div class=\"icon-button-close\" onclick=\"toggle_card(2)\">&#8211;<\/div>\r\n                <\/div>\r\n            <\/div>\r\n        \r\n            <\/div>\r\n        <\/div>\r\n        \r\n    <\/section>","protected":false},"excerpt":{"rendered":"","protected":false},"author":1,"featured_media":0,"parent":406,"menu_order":0,"comment_status":"closed","ping_status":"closed","template":"","meta":{"footnotes":""},"class_list":["post-9435","page","type-page","status-publish","hentry"],"yoast_head":"<!-- This site is optimized with the Yoast SEO plugin v27.1.1 - https:\/\/yoast.com\/product\/yoast-seo-wordpress\/ -->\n<title>Praktikum - NAF \u2013 Neunkirchener Achsenfabrik<\/title>\n<meta name=\"robots\" content=\"index, follow, max-snippet:-1, max-image-preview:large, max-video-preview:-1\" \/>\n<link rel=\"canonical\" href=\"https:\/\/www.nafaxles.com\/de\/karriere\/praktikum\/\" \/>\n<meta property=\"og:locale\" content=\"de_DE\" \/>\n<meta property=\"og:type\" content=\"article\" \/>\n<meta property=\"og:title\" content=\"Praktikum - NAF \u2013 Neunkirchener Achsenfabrik\" \/>\n<meta property=\"og:url\" content=\"https:\/\/www.nafaxles.com\/de\/karriere\/praktikum\/\" \/>\n<meta property=\"og:site_name\" content=\"NAF \u2013 Neunkirchener Achsenfabrik\" \/>\n<meta property=\"article:publisher\" content=\"https:\/\/www.facebook.com\/NAF-Neunkirchener-Achsenfabrik-AG-159635987405144\/\" \/>\n<meta property=\"article:modified_time\" content=\"2025-07-03T09:04:47+00:00\" \/>\n<meta name=\"twitter:card\" content=\"summary_large_image\" \/>\n<meta name=\"twitter:site\" content=\"@nafaxles\" \/>\n<meta name=\"twitter:label1\" content=\"Gesch\u00e4tzte Lesezeit\" \/>\n\t<meta name=\"twitter:data1\" content=\"1\u00a0Minute\" \/>\n<script type=\"application\/ld+json\" class=\"yoast-schema-graph\">{\"@context\":\"https:\/\/schema.org\",\"@graph\":[{\"@type\":\"WebPage\",\"@id\":\"https:\/\/www.nafaxles.com\/de\/karriere\/praktikum\/\",\"url\":\"https:\/\/www.nafaxles.com\/de\/karriere\/praktikum\/\",\"name\":\"Praktikum - NAF \u2013 Neunkirchener Achsenfabrik\",\"isPartOf\":{\"@id\":\"https:\/\/de.nafaxles.com\/#website\"},\"datePublished\":\"2025-06-26T09:40:18+00:00\",\"dateModified\":\"2025-07-03T09:04:47+00:00\",\"breadcrumb\":{\"@id\":\"https:\/\/www.nafaxles.com\/de\/karriere\/praktikum\/#breadcrumb\"},\"inLanguage\":\"de\",\"potentialAction\":[{\"@type\":\"ReadAction\",\"target\":[\"https:\/\/www.nafaxles.com\/de\/karriere\/praktikum\/\"]}]},{\"@type\":\"BreadcrumbList\",\"@id\":\"https:\/\/www.nafaxles.com\/de\/karriere\/praktikum\/#breadcrumb\",\"itemListElement\":[{\"@type\":\"ListItem\",\"position\":1,\"name\":\"Startseite\",\"item\":\"https:\/\/www.nafaxles.com\/de\/\"},{\"@type\":\"ListItem\",\"position\":2,\"name\":\"Karriere\",\"item\":\"https:\/\/de.nafaxles.com\/karriere\/\"},{\"@type\":\"ListItem\",\"position\":3,\"name\":\"Praktikum\"}]},{\"@type\":\"WebSite\",\"@id\":\"https:\/\/de.nafaxles.com\/#website\",\"url\":\"https:\/\/de.nafaxles.com\/\",\"name\":\"NAF \u2013 Neunkirchener Achsenfabrik\",\"description\":\"\",\"potentialAction\":[{\"@type\":\"SearchAction\",\"target\":{\"@type\":\"EntryPoint\",\"urlTemplate\":\"https:\/\/de.nafaxles.com\/?s={search_term_string}\"},\"query-input\":{\"@type\":\"PropertyValueSpecification\",\"valueRequired\":true,\"valueName\":\"search_term_string\"}}],\"inLanguage\":\"de\"}]}<\/script>\n<!-- \/ Yoast SEO plugin. -->","yoast_head_json":{"title":"Praktikum - NAF \u2013 Neunkirchener Achsenfabrik","robots":{"index":"index","follow":"follow","max-snippet":"max-snippet:-1","max-image-preview":"max-image-preview:large","max-video-preview":"max-video-preview:-1"},"canonical":"https:\/\/www.nafaxles.com\/de\/karriere\/praktikum\/","og_locale":"de_DE","og_type":"article","og_title":"Praktikum - NAF \u2013 Neunkirchener Achsenfabrik","og_url":"https:\/\/www.nafaxles.com\/de\/karriere\/praktikum\/","og_site_name":"NAF \u2013 Neunkirchener Achsenfabrik","article_publisher":"https:\/\/www.facebook.com\/NAF-Neunkirchener-Achsenfabrik-AG-159635987405144\/","article_modified_time":"2025-07-03T09:04:47+00:00","twitter_card":"summary_large_image","twitter_site":"@nafaxles","twitter_misc":{"Gesch\u00e4tzte Lesezeit":"1\u00a0Minute"},"schema":{"@context":"https:\/\/schema.org","@graph":[{"@type":"WebPage","@id":"https:\/\/www.nafaxles.com\/de\/karriere\/praktikum\/","url":"https:\/\/www.nafaxles.com\/de\/karriere\/praktikum\/","name":"Praktikum - NAF \u2013 Neunkirchener Achsenfabrik","isPartOf":{"@id":"https:\/\/de.nafaxles.com\/#website"},"datePublished":"2025-06-26T09:40:18+00:00","dateModified":"2025-07-03T09:04:47+00:00","breadcrumb":{"@id":"https:\/\/www.nafaxles.com\/de\/karriere\/praktikum\/#breadcrumb"},"inLanguage":"de","potentialAction":[{"@type":"ReadAction","target":["https:\/\/www.nafaxles.com\/de\/karriere\/praktikum\/"]}]},{"@type":"BreadcrumbList","@id":"https:\/\/www.nafaxles.com\/de\/karriere\/praktikum\/#breadcrumb","itemListElement":[{"@type":"ListItem","position":1,"name":"Startseite","item":"https:\/\/www.nafaxles.com\/de\/"},{"@type":"ListItem","position":2,"name":"Karriere","item":"https:\/\/de.nafaxles.com\/karriere\/"},{"@type":"ListItem","position":3,"name":"Praktikum"}]},{"@type":"WebSite","@id":"https:\/\/de.nafaxles.com\/#website","url":"https:\/\/de.nafaxles.com\/","name":"NAF \u2013 Neunkirchener Achsenfabrik","description":"","potentialAction":[{"@type":"SearchAction","target":{"@type":"EntryPoint","urlTemplate":"https:\/\/de.nafaxles.com\/?s={search_term_string}"},"query-input":{"@type":"PropertyValueSpecification","valueRequired":true,"valueName":"search_term_string"}}],"inLanguage":"de"}]}},"_links":{"self":[{"href":"https:\/\/www.nafaxles.com\/de\/wp-json\/wp\/v2\/pages\/9435","targetHints":{"allow":["GET"]}}],"collection":[{"href":"https:\/\/www.nafaxles.com\/de\/wp-json\/wp\/v2\/pages"}],"about":[{"href":"https:\/\/www.nafaxles.com\/de\/wp-json\/wp\/v2\/types\/page"}],"author":[{"embeddable":true,"href":"https:\/\/www.nafaxles.com\/de\/wp-json\/wp\/v2\/users\/1"}],"replies":[{"embeddable":true,"href":"https:\/\/www.nafaxles.com\/de\/wp-json\/wp\/v2\/comments?post=9435"}],"version-history":[{"count":7,"href":"https:\/\/www.nafaxles.com\/de\/wp-json\/wp\/v2\/pages\/9435\/revisions"}],"predecessor-version":[{"id":9470,"href":"https:\/\/www.nafaxles.com\/de\/wp-json\/wp\/v2\/pages\/9435\/revisions\/9470"}],"up":[{"embeddable":true,"href":"https:\/\/www.nafaxles.com\/de\/wp-json\/wp\/v2\/pages\/406"}],"wp:attachment":[{"href":"https:\/\/www.nafaxles.com\/de\/wp-json\/wp\/v2\/media?parent=9435"}],"curies":[{"name":"wp","href":"https:\/\/api.w.org\/{rel}","templated":true}]}}