{"id":437,"date":"2021-07-28T13:27:30","date_gmt":"2021-07-28T11:27:30","guid":{"rendered":"https:\/\/nafna.webthinker.de\/?page_id=437"},"modified":"2022-05-06T10:54:17","modified_gmt":"2022-05-06T08:54:17","slug":"downloads","status":"publish","type":"page","link":"https:\/\/www.nafaxles.com\/de\/downloads\/","title":{"rendered":"Downloads"},"content":{"rendered":"\r\n        <section class=\"slider-section\">\r\n            <div class=\"slider-content-wrapper\">\r\n                <div class=\"owl-carousel\">\r\n            <div class=\"slide wt-gf3\">\r\n                <div class=\"image-area\">\r\n                    <img loading=\"lazy\" decoding=\"async\" width=\"1903\" height=\"400\" src=\"https:\/\/www.nafaxles.com\/wp-content\/uploads\/2022\/09\/Header_Downloads.jpg\" class=\"attachment-full size-full\" alt=\"Downloads - NAF Neunkirchener Achsenfabrik\" srcset=\"https:\/\/www.nafaxles.com\/wp-content\/uploads\/2022\/09\/Header_Downloads.jpg 1903w, https:\/\/www.nafaxles.com\/wp-content\/uploads\/2022\/09\/Header_Downloads-300x63.jpg 300w, https:\/\/www.nafaxles.com\/wp-content\/uploads\/2022\/09\/Header_Downloads-1024x215.jpg 1024w, https:\/\/www.nafaxles.com\/wp-content\/uploads\/2022\/09\/Header_Downloads-768x161.jpg 768w, https:\/\/www.nafaxles.com\/wp-content\/uploads\/2022\/09\/Header_Downloads-1536x323.jpg 1536w\" sizes=\"auto, (max-width: 1903px) 100vw, 1903px\" \/>\r\n                <\/div>\r\n                <div class=\"text-area\">\r\n                    <span class=\"over-headline upper\"><\/span>\r\n                    <h1 class=\"slide-headline upper\">Brosch\u00fcren und technische Details<\/h1>\r\n                    \r\n                    <br><br><br>\r\n                <\/div>\r\n            <\/div>\r\n                <\/div>\r\n                \r\n                \r\n            <\/div>\r\n            \r\n            <noscript>\r\n                <style>\r\n                    \r\n                    .slider-section .box-wrapper.hidden, \r\n                    .slider-section .box-wrapper .box-content.hidden,                    \r\n                    .slider-section .owl-carousel {display:block !important;}\r\n                    \r\n                    .slider-section .owl-pagination,\r\n                    .slider-section .owl-control,\r\n                    .slider-section .box-wrapper .close-button,\r\n                    .slider-section .box-wrapper:before {\r\n                        display:none !important;\r\n                    }\r\n                    .slider-section .owl-carousel .slide {overflow:hidden;}\r\n                    .slider-section .box-wrapper {position:relative !important;}\r\n                    .slider-section .box-wrapper .box-content {margin: 25px auto !important;}\r\n                <\/style>\r\n            <\/noscript>\r\n        <\/section>\n\n\n<div style=\"height:100px\" aria-hidden=\"true\" class=\"wp-block-spacer\"><\/div>\n\n\n\r\n    <style>section.download-block-id-69f38adfcbbca{\r\n            background:url(https:\/\/de.nafaxles.com\/wp-content\/uploads\/2021\/09\/achsen-universum-naf.jpg) no-repeat center center;\r\n            background-attachment: fixed;\r\n            background-size: cover;\r\n            }\r\n            @media (max-width: 991px) {\r\n                        section.download-block-id-69f38adfcbbca{\r\n                        background-attachment: scroll;                        \r\n                        }\r\n                        \r\n                    }\r\n            <\/style>\r\n    <section class=\"download-block download-block-id-69f38adfcbbca axle-icon axle-icon-bottom\">\r\n                            \r\n        <div class=\" container custom-layout  \">                    \r\n            \r\n            <div class=\"row\">\r\n                <div class=\"col-12 text-center\">\r\n                    <h2 class=\"fw-extra-bold upper mb-4 text-black\"><\/h2>\r\n                    <div class=\"fs-14 fw-semi-bold lh-26 text-wrapper text-black\">\n<p class=\"wp-block-wt-download-block\"><\/p>\n<\/div>                    \r\n                <\/div>\r\n            <\/div>\r\n            \r\n            <div class=\"row\">                    \r\n                \r\n                <div class=\"col-12 text-center\">\r\n                    \r\n                    <div class=\"download-wrapper mt-4\">\r\n                        \r\n                <style>\r\n                    div.download-id-69f38adfcc0821 .tech-img-wrapper:after {\r\n                    content: \"PDF\";                    \r\n                    }<\/style>\r\n                <div class=\"row wt-test download-id-69f38adfcc0821\">\r\n                            \r\n                    <div class=\"col-12 col-md-6 px-4 p-md-0 mb-lg-4 ps-md-4 ps-lg-0\">\r\n                        <div class=\"bg-left bg-blue\">\r\n                            <div>\r\n                                <div class=\"fs-20 lh-26 fw-extra-bold\">Produktbrosch\u00fcre Bogieachsen<\/div>\r\n                                <div class=\"fs-16 lh-20\"><p>NAFs f\u00fchrende Antriebsl\u00f6sungen f\u00fcr bestm\u00f6gliche Traktion und optimierte Fahrstabilit\u00e4t auf anspruchsvollstem Terrain.<\/p>\n<\/div>\r\n                            <\/div>\r\n                            \r\n                            <div class=\"fs-14 lh-20 mt-4\">\r\n                                \r\n                                <div class=\"download-button\">\r\n                                    <div class=\"tech-img-wrapper\">\r\n                                        <a href=\"\/wp-content\/uploads\/2024\/08\/NAF_BRO_Bogie_engl_web.pdf\" target=\"_blank\" rel=\"noopener\"><img loading=\"lazy\" decoding=\"async\" width=\"111\" height=\"172\" src=\"https:\/\/www.nafaxles.com\/wp-content\/uploads\/2021\/08\/DT-NAF-Download-PDF-111x172-1.png\" class=\"attachment-full size-full\" alt=\"Dummy\" \/><\/a>\r\n                                    <\/div>\r\n                                <\/div>                            \r\n                                \r\n                            <\/div>\r\n                        <\/div>\r\n                    <\/div>\r\n                    \r\n                    <div class=\"col-12 col-md-6 px-4 p-md-0 mb-4 pe-md-4 pe-lg-0\">\r\n                        <div class=\"bg-right\">\r\n                            <a href=\"\/wp-content\/uploads\/2024\/08\/NAF_BRO_Bogie_engl_web.pdf\" target=\"_blank\" rel=\"noopener\"><img loading=\"lazy\" decoding=\"async\" width=\"300\" height=\"400\" src=\"https:\/\/www.nafaxles.com\/wp-content\/uploads\/2021\/10\/broschuere-bogieachsen-naf-axles.jpg\" class=\"img-fluid\" alt=\"Produktbrosch\u00fcre Bogieachse NAF Neunkirchener Achsenfabrik\" srcset=\"https:\/\/www.nafaxles.com\/wp-content\/uploads\/2021\/10\/broschuere-bogieachsen-naf-axles.jpg 300w, https:\/\/www.nafaxles.com\/wp-content\/uploads\/2021\/10\/broschuere-bogieachsen-naf-axles-225x300.jpg 225w\" sizes=\"auto, (max-width: 300px) 100vw, 300px\" \/><\/a>\r\n                        <\/div>\r\n                    <\/div>\r\n                                \r\n                <\/div>\r\n                <style>\r\n                    div.download-id-69f38adfcc25e2 .tech-img-wrapper:after {\r\n                    content: \"PDF\";                    \r\n                    }<\/style>\r\n                <div class=\"row wt-test download-id-69f38adfcc25e2\">\r\n                            \r\n                    <div class=\"col-12 col-md-6 px-4 p-md-0 mb-lg-4 pe-md-4 pe-lg-0\">\r\n                        <div class=\"bg-left bg-blue\">\r\n                            <div>\r\n                                <div class=\"fs-20 lh-26 fw-extra-bold\">Produktbrosch\u00fcre Lenkachsen, Starrachsen und Getriebe<\/div>\r\n                                <div class=\"fs-16 lh-20\"><p>NAFs modulare Antriebsl\u00f6sungen, abgestimmt auf Ihre spezifischen Anforderungen.<\/p>\n<\/div>\r\n                            <\/div>\r\n                            \r\n                            <div class=\"fs-14 lh-20 mt-4\">\r\n                                \r\n                                <div class=\"download-button\">\r\n                                    <div class=\"tech-img-wrapper\">\r\n                                        <a href=\"\/wp-content\/uploads\/2024\/08\/NAF_BRO_Lenk_Starr_engl_web.pdf\" target=\"_blank\" rel=\"noopener\"><img loading=\"lazy\" decoding=\"async\" width=\"111\" height=\"172\" src=\"https:\/\/www.nafaxles.com\/wp-content\/uploads\/2021\/08\/DT-NAF-Download-PDF-111x172-1.png\" class=\"attachment-full size-full\" alt=\"Dummy\" \/><\/a>\r\n                                    <\/div>\r\n                                <\/div>                            \r\n                                \r\n                            <\/div>\r\n                        <\/div>\r\n                    <\/div>\r\n                    \r\n                    <div class=\"col-12 col-md-6 px-4 p-md-0 mb-4 ps-md-4 ps-lg-0 order-last order-md-first\">\r\n                        <div class=\"bg-right\">\r\n                            <a href=\"\/wp-content\/uploads\/2024\/08\/NAF_BRO_Lenk_Starr_engl_web.pdf\" target=\"_blank\" rel=\"noopener\"><img loading=\"lazy\" decoding=\"async\" width=\"300\" height=\"400\" src=\"https:\/\/www.nafaxles.com\/wp-content\/uploads\/2021\/12\/broschuere-lenk-starrachsen-naf-axles.jpg\" class=\"img-fluid\" alt=\"Produktbrosch\u00fcre Lenk- &amp; Starrachsen NAF Neunkirchener Achsenfabrik\" srcset=\"https:\/\/www.nafaxles.com\/wp-content\/uploads\/2021\/12\/broschuere-lenk-starrachsen-naf-axles.jpg 300w, https:\/\/www.nafaxles.com\/wp-content\/uploads\/2021\/12\/broschuere-lenk-starrachsen-naf-axles-225x300.jpg 225w\" sizes=\"auto, (max-width: 300px) 100vw, 300px\" \/><\/a>\r\n                        <\/div>\r\n                    <\/div>\r\n                                \r\n                <\/div>\r\n                <style>\r\n                    div.download-id-69f38adfcc3b33 .tech-img-wrapper:after {\r\n                    content: \"PDF\";                    \r\n                    }<\/style>\r\n                <div class=\"row wt-test download-id-69f38adfcc3b33\">\r\n                            \r\n                    <div class=\"col-12 col-md-6 px-4 p-md-0 mb-lg-4 ps-md-4 ps-lg-0\">\r\n                        <div class=\"bg-left bg-blue\">\r\n                            <div>\r\n                                <div class=\"fs-20 lh-26 fw-extra-bold\">NAF-Antriebsl\u00f6sungen f\u00fcr Landmaschinen<\/div>\r\n                                <div class=\"fs-16 lh-20\"><p>Ausgereifte Systeme f\u00fcr vielf\u00e4ltigste landwirtschaftliche Einsatzbedingungen \u2013 belastbar und ressourcenschonend.<\/p>\n<\/div>\r\n                            <\/div>\r\n                            \r\n                            <div class=\"fs-14 lh-20 mt-4\">\r\n                                \r\n                                <div class=\"download-button\">\r\n                                    <div class=\"tech-img-wrapper\">\r\n                                        <a href=\"\/wp-content\/uploads\/2024\/08\/NAF_BRO_Landw_engl_web.pdf\" target=\"_blank\" rel=\"noopener\"><img loading=\"lazy\" decoding=\"async\" width=\"111\" height=\"172\" src=\"https:\/\/www.nafaxles.com\/wp-content\/uploads\/2021\/08\/DT-NAF-Download-PDF-111x172-1.png\" class=\"attachment-full size-full\" alt=\"Dummy\" \/><\/a>\r\n                                    <\/div>\r\n                                <\/div>                            \r\n                                \r\n                            <\/div>\r\n                        <\/div>\r\n                    <\/div>\r\n                    \r\n                    <div class=\"col-12 col-md-6 px-4 p-md-0 mb-4 pe-md-4 pe-lg-0\">\r\n                        <div class=\"bg-right\">\r\n                            <a href=\"\/wp-content\/uploads\/2024\/08\/NAF_BRO_Landw_engl_web.pdf\" target=\"_blank\" rel=\"noopener\"><img loading=\"lazy\" decoding=\"async\" width=\"300\" height=\"400\" src=\"https:\/\/www.nafaxles.com\/wp-content\/uploads\/2021\/12\/broschuere-land-naf-axles.jpg\" class=\"img-fluid\" alt=\"Brosch\u00fcre f\u00fcr Landwirtschaft - NAF Neunkirchener Achsenfabrik\" srcset=\"https:\/\/www.nafaxles.com\/wp-content\/uploads\/2021\/12\/broschuere-land-naf-axles.jpg 300w, https:\/\/www.nafaxles.com\/wp-content\/uploads\/2021\/12\/broschuere-land-naf-axles-225x300.jpg 225w\" sizes=\"auto, (max-width: 300px) 100vw, 300px\" \/><\/a>\r\n                        <\/div>\r\n                    <\/div>\r\n                                \r\n                <\/div>\r\n                <style>\r\n                    div.download-id-69f38adfce2754 .tech-img-wrapper:after {\r\n                    content: \"PDF\";                    \r\n                    }<\/style>\r\n                <div class=\"row wt-test download-id-69f38adfce2754\">\r\n                            \r\n                    <div class=\"col-12 col-md-6 px-4 p-md-0 mb-lg-4 pe-md-4 pe-lg-0\">\r\n                        <div class=\"bg-left bg-blue\">\r\n                            <div>\r\n                                <div class=\"fs-20 lh-26 fw-extra-bold\">NAF-Antriebsl\u00f6sungen f\u00fcr Baumaschinen<\/div>\r\n                                <div class=\"fs-16 lh-20\"><p>Technisch ausgereifte Antriebsl\u00f6sungen f\u00fcr besonders hohe Anforderungen und Belastungen<\/p>\n<\/div>\r\n                            <\/div>\r\n                            \r\n                            <div class=\"fs-14 lh-20 mt-4\">\r\n                                \r\n                                <div class=\"download-button\">\r\n                                    <div class=\"tech-img-wrapper\">\r\n                                        <a href=\"\/wp-content\/uploads\/2024\/08\/NAF_BRO_Bau_engl_web.pdf\" target=\"_blank\" rel=\"noopener\"><img loading=\"lazy\" decoding=\"async\" width=\"111\" height=\"172\" src=\"https:\/\/www.nafaxles.com\/wp-content\/uploads\/2021\/08\/DT-NAF-Download-PDF-111x172-1.png\" class=\"attachment-full size-full\" alt=\"Dummy\" \/><\/a>\r\n                                    <\/div>\r\n                                <\/div>                            \r\n                                \r\n                            <\/div>\r\n                        <\/div>\r\n                    <\/div>\r\n                    \r\n                    <div class=\"col-12 col-md-6 px-4 p-md-0 mb-4 ps-md-4 ps-lg-0 order-last order-md-first\">\r\n                        <div class=\"bg-right\">\r\n                            <a href=\"\/wp-content\/uploads\/2024\/08\/NAF_BRO_Bau_engl_web.pdf\" target=\"_blank\" rel=\"noopener\"><img loading=\"lazy\" decoding=\"async\" width=\"300\" height=\"400\" src=\"https:\/\/www.nafaxles.com\/wp-content\/uploads\/2021\/12\/broschuere-bau-naf-axles.jpg\" class=\"img-fluid\" alt=\"Baumaschinen-Brosch\u00fcre - NAF Neunkirchener Achsenfabrik\" srcset=\"https:\/\/www.nafaxles.com\/wp-content\/uploads\/2021\/12\/broschuere-bau-naf-axles.jpg 300w, https:\/\/www.nafaxles.com\/wp-content\/uploads\/2021\/12\/broschuere-bau-naf-axles-225x300.jpg 225w\" sizes=\"auto, (max-width: 300px) 100vw, 300px\" \/><\/a>\r\n                        <\/div>\r\n                    <\/div>\r\n                                \r\n                <\/div>\r\n                <style>\r\n                    div.download-id-69f38adfce3dc5 .tech-img-wrapper:after {\r\n                    content: \"PDF\";                    \r\n                    }<\/style>\r\n                <div class=\"row wt-test download-id-69f38adfce3dc5\">\r\n                            \r\n                    <div class=\"col-12 col-md-6 px-4 p-md-0 mb-lg-4 ps-md-4 ps-lg-0\">\r\n                        <div class=\"bg-left bg-blue\">\r\n                            <div>\r\n                                <div class=\"fs-20 lh-26 fw-extra-bold\">Technisches Datenblatt<\/div>\r\n                                <div class=\"fs-16 lh-20\"><p>F\u00fcllen Sie dieses Datenblatt f\u00fcr Ihre Produkt-Anfrage aus<\/p>\n<\/div>\r\n                            <\/div>\r\n                            \r\n                            <div class=\"fs-14 lh-20 mt-4\">\r\n                                \r\n                                <div class=\"download-button\">\r\n                                    <div class=\"tech-img-wrapper\">\r\n                                        <a href=\"\/wp-content\/uploads\/2025\/08\/NAF_Datenblatt_2025_DE.pdf\" target=\"_blank\" rel=\"noopener\"><img loading=\"lazy\" decoding=\"async\" width=\"111\" height=\"172\" src=\"https:\/\/www.nafaxles.com\/wp-content\/uploads\/2021\/08\/DT-NAF-Download-PDF-111x172-1.png\" class=\"attachment-full size-full\" alt=\"Dummy\" \/><\/a>\r\n                                    <\/div>\r\n                                <\/div>                            \r\n                                \r\n                            <\/div>\r\n                        <\/div>\r\n                    <\/div>\r\n                    \r\n                    <div class=\"col-12 col-md-6 px-4 p-md-0 mb-4 pe-md-4 pe-lg-0\">\r\n                        <div class=\"bg-right\">\r\n                            <a href=\"\/wp-content\/uploads\/2025\/08\/NAF_Datenblatt_2025_DE.pdf\" target=\"_blank\" rel=\"noopener\"><img loading=\"lazy\" decoding=\"async\" width=\"300\" height=\"400\" src=\"https:\/\/www.nafaxles.com\/wp-content\/uploads\/2025\/08\/Datenblatt_DE.jpg\" class=\"img-fluid\" alt=\"The first page of the data sheet is shown\" srcset=\"https:\/\/www.nafaxles.com\/wp-content\/uploads\/2025\/08\/Datenblatt_DE.jpg 300w, https:\/\/www.nafaxles.com\/wp-content\/uploads\/2025\/08\/Datenblatt_DE-225x300.jpg 225w\" sizes=\"auto, (max-width: 300px) 100vw, 300px\" \/><\/a>\r\n                        <\/div>\r\n                    <\/div>\r\n                                \r\n                <\/div>                                                             \r\n                    <\/div>\r\n                    \r\n                <\/div>                            \r\n            <\/div>                    \r\n        <\/div>\r\n                                                  \r\n    <\/section>","protected":false},"excerpt":{"rendered":"","protected":false},"author":1,"featured_media":0,"parent":0,"menu_order":0,"comment_status":"closed","ping_status":"closed","template":"","meta":{"footnotes":""},"class_list":["post-437","page","type-page","status-publish","hentry"],"yoast_head":"<!-- This site is optimized with the Yoast SEO plugin v27.1.1 - https:\/\/yoast.com\/product\/yoast-seo-wordpress\/ -->\n<title>Downloads - NAF \u2013 Neunkirchener Achsenfabrik<\/title>\n<meta name=\"description\" content=\"Brosch\u00fcren und technische Details zu Bogieachsen, Lenkachsen, Starrachsen und Getriebe von NAF.\" \/>\n<meta name=\"robots\" content=\"index, follow, max-snippet:-1, max-image-preview:large, max-video-preview:-1\" \/>\n<link rel=\"canonical\" href=\"https:\/\/www.nafaxles.com\/de\/downloads\/\" \/>\n<meta property=\"og:locale\" content=\"de_DE\" \/>\n<meta property=\"og:type\" content=\"article\" \/>\n<meta property=\"og:title\" content=\"Downloads - NAF \u2013 Neunkirchener Achsenfabrik\" \/>\n<meta property=\"og:description\" content=\"Brosch\u00fcren und technische Details zu Bogieachsen, Lenkachsen, Starrachsen und Getriebe von NAF.\" \/>\n<meta property=\"og:url\" content=\"https:\/\/www.nafaxles.com\/de\/downloads\/\" \/>\n<meta property=\"og:site_name\" content=\"NAF \u2013 Neunkirchener Achsenfabrik\" \/>\n<meta property=\"article:publisher\" content=\"https:\/\/www.facebook.com\/NAF-Neunkirchener-Achsenfabrik-AG-159635987405144\/\" \/>\n<meta property=\"article:modified_time\" content=\"2022-05-06T08:54:17+00:00\" \/>\n<meta name=\"twitter:card\" content=\"summary_large_image\" \/>\n<meta name=\"twitter:site\" content=\"@nafaxles\" \/>\n<script type=\"application\/ld+json\" class=\"yoast-schema-graph\">{\"@context\":\"https:\/\/schema.org\",\"@graph\":[{\"@type\":\"WebPage\",\"@id\":\"https:\/\/www.nafaxles.com\/de\/downloads\/\",\"url\":\"https:\/\/www.nafaxles.com\/de\/downloads\/\",\"name\":\"Downloads - NAF \u2013 Neunkirchener Achsenfabrik\",\"isPartOf\":{\"@id\":\"https:\/\/de.nafaxles.com\/#website\"},\"datePublished\":\"2021-07-28T11:27:30+00:00\",\"dateModified\":\"2022-05-06T08:54:17+00:00\",\"description\":\"Brosch\u00fcren und technische Details zu Bogieachsen, Lenkachsen, Starrachsen und Getriebe von NAF.\",\"breadcrumb\":{\"@id\":\"https:\/\/www.nafaxles.com\/de\/downloads\/#breadcrumb\"},\"inLanguage\":\"de\",\"potentialAction\":[{\"@type\":\"ReadAction\",\"target\":[\"https:\/\/www.nafaxles.com\/de\/downloads\/\"]}]},{\"@type\":\"BreadcrumbList\",\"@id\":\"https:\/\/www.nafaxles.com\/de\/downloads\/#breadcrumb\",\"itemListElement\":[{\"@type\":\"ListItem\",\"position\":1,\"name\":\"Startseite\",\"item\":\"https:\/\/www.nafaxles.com\/de\/\"},{\"@type\":\"ListItem\",\"position\":2,\"name\":\"Downloads\"}]},{\"@type\":\"WebSite\",\"@id\":\"https:\/\/de.nafaxles.com\/#website\",\"url\":\"https:\/\/de.nafaxles.com\/\",\"name\":\"NAF \u2013 Neunkirchener Achsenfabrik\",\"description\":\"\",\"potentialAction\":[{\"@type\":\"SearchAction\",\"target\":{\"@type\":\"EntryPoint\",\"urlTemplate\":\"https:\/\/de.nafaxles.com\/?s={search_term_string}\"},\"query-input\":{\"@type\":\"PropertyValueSpecification\",\"valueRequired\":true,\"valueName\":\"search_term_string\"}}],\"inLanguage\":\"de\"}]}<\/script>\n<!-- \/ Yoast SEO plugin. -->","yoast_head_json":{"title":"Downloads - NAF \u2013 Neunkirchener Achsenfabrik","description":"Brosch\u00fcren und technische Details zu Bogieachsen, Lenkachsen, Starrachsen und Getriebe von NAF.","robots":{"index":"index","follow":"follow","max-snippet":"max-snippet:-1","max-image-preview":"max-image-preview:large","max-video-preview":"max-video-preview:-1"},"canonical":"https:\/\/www.nafaxles.com\/de\/downloads\/","og_locale":"de_DE","og_type":"article","og_title":"Downloads - NAF \u2013 Neunkirchener Achsenfabrik","og_description":"Brosch\u00fcren und technische Details zu Bogieachsen, Lenkachsen, Starrachsen und Getriebe von NAF.","og_url":"https:\/\/www.nafaxles.com\/de\/downloads\/","og_site_name":"NAF \u2013 Neunkirchener Achsenfabrik","article_publisher":"https:\/\/www.facebook.com\/NAF-Neunkirchener-Achsenfabrik-AG-159635987405144\/","article_modified_time":"2022-05-06T08:54:17+00:00","twitter_card":"summary_large_image","twitter_site":"@nafaxles","schema":{"@context":"https:\/\/schema.org","@graph":[{"@type":"WebPage","@id":"https:\/\/www.nafaxles.com\/de\/downloads\/","url":"https:\/\/www.nafaxles.com\/de\/downloads\/","name":"Downloads - NAF \u2013 Neunkirchener Achsenfabrik","isPartOf":{"@id":"https:\/\/de.nafaxles.com\/#website"},"datePublished":"2021-07-28T11:27:30+00:00","dateModified":"2022-05-06T08:54:17+00:00","description":"Brosch\u00fcren und technische Details zu Bogieachsen, Lenkachsen, Starrachsen und Getriebe von NAF.","breadcrumb":{"@id":"https:\/\/www.nafaxles.com\/de\/downloads\/#breadcrumb"},"inLanguage":"de","potentialAction":[{"@type":"ReadAction","target":["https:\/\/www.nafaxles.com\/de\/downloads\/"]}]},{"@type":"BreadcrumbList","@id":"https:\/\/www.nafaxles.com\/de\/downloads\/#breadcrumb","itemListElement":[{"@type":"ListItem","position":1,"name":"Startseite","item":"https:\/\/www.nafaxles.com\/de\/"},{"@type":"ListItem","position":2,"name":"Downloads"}]},{"@type":"WebSite","@id":"https:\/\/de.nafaxles.com\/#website","url":"https:\/\/de.nafaxles.com\/","name":"NAF \u2013 Neunkirchener Achsenfabrik","description":"","potentialAction":[{"@type":"SearchAction","target":{"@type":"EntryPoint","urlTemplate":"https:\/\/de.nafaxles.com\/?s={search_term_string}"},"query-input":{"@type":"PropertyValueSpecification","valueRequired":true,"valueName":"search_term_string"}}],"inLanguage":"de"}]}},"_links":{"self":[{"href":"https:\/\/www.nafaxles.com\/de\/wp-json\/wp\/v2\/pages\/437","targetHints":{"allow":["GET"]}}],"collection":[{"href":"https:\/\/www.nafaxles.com\/de\/wp-json\/wp\/v2\/pages"}],"about":[{"href":"https:\/\/www.nafaxles.com\/de\/wp-json\/wp\/v2\/types\/page"}],"author":[{"embeddable":true,"href":"https:\/\/www.nafaxles.com\/de\/wp-json\/wp\/v2\/users\/1"}],"replies":[{"embeddable":true,"href":"https:\/\/www.nafaxles.com\/de\/wp-json\/wp\/v2\/comments?post=437"}],"version-history":[{"count":3,"href":"https:\/\/www.nafaxles.com\/de\/wp-json\/wp\/v2\/pages\/437\/revisions"}],"predecessor-version":[{"id":5582,"href":"https:\/\/www.nafaxles.com\/de\/wp-json\/wp\/v2\/pages\/437\/revisions\/5582"}],"wp:attachment":[{"href":"https:\/\/www.nafaxles.com\/de\/wp-json\/wp\/v2\/media?parent=437"}],"curies":[{"name":"wp","href":"https:\/\/api.w.org\/{rel}","templated":true}]}}