{"id":297,"date":"2021-07-28T12:13:40","date_gmt":"2021-07-28T10:13:40","guid":{"rendered":"https:\/\/nafna.webthinker.de\/?page_id=297"},"modified":"2025-12-02T16:38:42","modified_gmt":"2025-12-02T15:38:42","slug":"qualitaet","status":"publish","type":"page","link":"https:\/\/www.nafaxles.com\/de\/ueber-uns\/qualitaet\/","title":{"rendered":"Qualit\u00e4t"},"content":{"rendered":"\r\n        <section class=\"slider-section\">\r\n            <div class=\"slider-content-wrapper\">\r\n                <div class=\"owl-carousel\">\r\n            <div class=\"slide wt-gf3\">\r\n                <div class=\"image-area\">\r\n                    <img loading=\"lazy\" decoding=\"async\" width=\"1903\" height=\"400\" src=\"https:\/\/www.nafaxles.com\/wp-content\/uploads\/2022\/08\/NAF_Qualitaet.jpg\" class=\"attachment-full size-full\" alt=\"NAF Qualit\u00e4t - NAF Neunkirchener Achsenfabrik\" srcset=\"https:\/\/www.nafaxles.com\/wp-content\/uploads\/2022\/08\/NAF_Qualitaet.jpg 1903w, https:\/\/www.nafaxles.com\/wp-content\/uploads\/2022\/08\/NAF_Qualitaet-300x63.jpg 300w, https:\/\/www.nafaxles.com\/wp-content\/uploads\/2022\/08\/NAF_Qualitaet-1024x215.jpg 1024w, https:\/\/www.nafaxles.com\/wp-content\/uploads\/2022\/08\/NAF_Qualitaet-768x161.jpg 768w, https:\/\/www.nafaxles.com\/wp-content\/uploads\/2022\/08\/NAF_Qualitaet-1536x323.jpg 1536w\" sizes=\"auto, (max-width: 1903px) 100vw, 1903px\" \/>\r\n                <\/div>\r\n                <div class=\"text-area\">\r\n                    <span class=\"over-headline upper\"><\/span>\r\n                    <h1 class=\"slide-headline upper\">QUALIT\u00c4T<\/h1>\r\n                    <div class=\"img-text-wrapper\"><span class=\"img-text\">&#8222;Made in Germany&#8220; &#8211; gelebt in allen Prozessen<\/span><\/div><br>\r\n                    <br><br><br>\r\n                <\/div>\r\n            <\/div>\r\n                <\/div>\r\n                \r\n                \r\n            <\/div>\r\n            \r\n            <noscript>\r\n                <style>\r\n                    \r\n                    .slider-section .box-wrapper.hidden, \r\n                    .slider-section .box-wrapper .box-content.hidden,                    \r\n                    .slider-section .owl-carousel {display:block !important;}\r\n                    \r\n                    .slider-section .owl-pagination,\r\n                    .slider-section .owl-control,\r\n                    .slider-section .box-wrapper .close-button,\r\n                    .slider-section .box-wrapper:before {\r\n                        display:none !important;\r\n                    }\r\n                    .slider-section .owl-carousel .slide {overflow:hidden;}\r\n                    .slider-section .box-wrapper {position:relative !important;}\r\n                    .slider-section .box-wrapper .box-content {margin: 25px auto !important;}\r\n                <\/style>\r\n            <\/noscript>\r\n        <\/section>\n\n\r\n                        <section class=\"textBlock   bg-naf-\">\r\n                            \r\n                                <div class=\"container\">\r\n                                    \r\n                                    \r\n                                    \r\n                                    \r\n                                    \r\n                                    \r\n                                    \r\n                                    <div class=\"row text\">\r\n                                        <div class=\"col\">\r\n                                            <div class=\"textBlock-text fs-16 fw-medium lh-26 text-naf-\">\r\n                                                \n<p class=\"wp-block-wt-text-block\">Produktqualit\u00e4t ist f\u00fcr uns keine isolierte Gr\u00f6\u00dfe. Deshalb umfasst unsere Qualit\u00e4tsphilosophie die ganzheitliche Betrachtung aller Faktoren wie Mensch, Partner, Methode, Umwelt, Maschine und Arbeitssicherheit in einem integrierten Managementsystem.<\/p>\n\r\n                                            <\/div>\r\n                                        <\/div>                                        \r\n                                    <\/div>\r\n                                    \r\n                                    <div class=\"align-items-center justify-content-center gap-5\">\r\n                                    \r\n                                        \r\n                            <\/div>\r\n                                <\/div>  \r\n                                                           \r\n                        <\/section>\r\n                    \n\n\n<div style=\"height:15px\" aria-hidden=\"true\" class=\"wp-block-spacer\"><\/div>\n\n\n\r\n                        <section class=\"textBlock   bg-naf-\">\r\n                            \r\n                                <div class=\"container\">\r\n                                    \r\n                                    <div class=\"row\">                                        \r\n                        <div class=\"col\">\r\n                            <h2 class=\"textBlock-headline upper text-naf-black    center \">Qualit\u00e4t hei\u00dft hier f\u00fcr Uns:<\/h2>\r\n                            \r\n                        <\/div>                                        \r\n                    <\/div>\r\n                                    \r\n                                    \r\n                                    \r\n                                    \r\n                                    \r\n                                    <div class=\"row text\">\r\n                                        <div class=\"col\">\r\n                                            <div class=\"textBlock-text fs-16 fw-medium lh-26 text-naf-\">\r\n                                                \n<p class=\"wp-block-wt-text-block\">St\u00e4ndiges Streben nach Verbesserung, F\u00e4higkeit zur Teamarbeit und Leistungsbereitschaft im Team, Verantwortlichkeit des Einzelnen f\u00fcr die Qualit\u00e4t seiner Arbeit, gezielte Auswahl und Einbindung der Partner auf allen Organisationsebenen.<br><br>Im Zentrum unserer nachhaltigen Strategie steht unser st\u00e4ndiges Bestreben, unsere Kunden mit langlebigen, wartungsarmen und servicefreundlichen Produkten zu bedienen.<\/p>\n\r\n                                            <\/div>\r\n                                        <\/div>                                        \r\n                                    <\/div>\r\n                                    \r\n                                    <div class=\"align-items-center justify-content-center gap-5\">\r\n                                    \r\n                                        \r\n                            <\/div>\r\n                                <\/div>  \r\n                                                           \r\n                        <\/section>\r\n                    \n\n\n<div style=\"height:50px\" aria-hidden=\"true\" class=\"wp-block-spacer\"><\/div>\n\n\n\r\n    <style>section.download-block-id-69f71e61ea81b{\r\n            background:url(https:\/\/de.nafaxles.com\/wp-content\/uploads\/2021\/09\/achsen-universum-naf.jpg) no-repeat center center;\r\n            background-attachment: fixed;\r\n            background-size: cover;\r\n            }\r\n            @media (max-width: 991px) {\r\n                        section.download-block-id-69f71e61ea81b{\r\n                        background-attachment: scroll;                        \r\n                        }\r\n                        \r\n                    }\r\n            <\/style>\r\n    <section class=\"download-block download-block-id-69f71e61ea81b \">\r\n                            \r\n        <div class=\" container custom-layout  \">                    \r\n            \r\n            <div class=\"row\">\r\n                <div class=\"col-12 text-center\">\r\n                    <h2 class=\"fw-extra-bold upper mb-4 text-black\">NAF Zertifikate<\/h2>\r\n                    <div class=\"fs-14 fw-semi-bold lh-26 text-wrapper text-black\">\n<p class=\"wp-block-wt-download-block\"><\/p>\n<\/div>                    \r\n                <\/div>\r\n            <\/div>\r\n            \r\n            <div class=\"row\">                    \r\n                \r\n                <div class=\"col-12 text-center\">\r\n                    \r\n                    <div class=\"download-wrapper mt-4\">\r\n                        \r\n                <style>\r\n                    div.download-id-69f71e61eaa071 .tech-img-wrapper:after {\r\n                    content: \"9001\";                    \r\n                    }<\/style>\r\n                <div class=\"row wt-test download-id-69f71e61eaa071\">\r\n                            \r\n                    <div class=\"col-12 col-md-6 px-4 p-md-0 mb-lg-4 ps-md-4 ps-lg-0\">\r\n                        <div class=\"bg-left bg-blue\">\r\n                            <div>\r\n                                <div class=\"fs-20 lh-26 fw-extra-bold\">DIN EN ISO 9001:2015<\/div>\r\n                                <div class=\"fs-16 lh-20\"><p>Die NAF ist seit 1996 im Bereich Qualit\u00e4tsmanagement nach der <strong>ISO 9001<\/strong> zertifiziert.<\/p>\n<\/div>\r\n                            <\/div>\r\n                            \r\n                            <div class=\"fs-14 lh-20 mt-4\">\r\n                                \r\n                                <div class=\"download-button\">\r\n                                    <div class=\"tech-img-wrapper\">\r\n                                        <a href=\"https:\/\/www.nafaxles.com\/wp-content\/uploads\/2025\/12\/ISO-9001_DE_2025.pdf\" target=\"_blank\" rel=\"noopener\"><img loading=\"lazy\" decoding=\"async\" width=\"111\" height=\"172\" src=\"https:\/\/www.nafaxles.com\/wp-content\/uploads\/2021\/08\/DT-NAF-Download-PDF-111x172-1.png\" class=\"attachment-full size-full\" alt=\"Dummy\" \/><\/a>\r\n                                    <\/div>\r\n                                <\/div>                            \r\n                                \r\n                            <\/div>\r\n                        <\/div>\r\n                    <\/div>\r\n                    \r\n                    <div class=\"col-12 col-md-6 px-4 p-md-0 mb-4 pe-md-4 pe-lg-0\">\r\n                        <div class=\"bg-right\">\r\n                            <a href=\"https:\/\/www.nafaxles.com\/wp-content\/uploads\/2025\/12\/ISO-9001_DE_2025.pdf\" target=\"_blank\" rel=\"noopener\"><img loading=\"lazy\" decoding=\"async\" width=\"925\" height=\"1312\" src=\"https:\/\/www.nafaxles.com\/wp-content\/uploads\/2025\/12\/ISO-9001_DE_2025.jpg\" class=\"img-fluid\" alt=\"\" srcset=\"https:\/\/www.nafaxles.com\/wp-content\/uploads\/2025\/12\/ISO-9001_DE_2025.jpg 925w, https:\/\/www.nafaxles.com\/wp-content\/uploads\/2025\/12\/ISO-9001_DE_2025-212x300.jpg 212w, https:\/\/www.nafaxles.com\/wp-content\/uploads\/2025\/12\/ISO-9001_DE_2025-722x1024.jpg 722w, https:\/\/www.nafaxles.com\/wp-content\/uploads\/2025\/12\/ISO-9001_DE_2025-768x1089.jpg 768w\" sizes=\"auto, (max-width: 925px) 100vw, 925px\" \/><\/a>\r\n                        <\/div>\r\n                    <\/div>\r\n                                \r\n                <\/div>\r\n                <style>\r\n                    div.download-id-69f71e61eac2d2 .tech-img-wrapper:after {\r\n                    content: \"14001\";                    \r\n                    }<\/style>\r\n                <div class=\"row wt-test download-id-69f71e61eac2d2\">\r\n                            \r\n                    <div class=\"col-12 col-md-6 px-4 p-md-0 mb-lg-4 pe-md-4 pe-lg-0\">\r\n                        <div class=\"bg-left bg-blue\">\r\n                            <div>\r\n                                <div class=\"fs-20 lh-26 fw-extra-bold\">DIN EN ISO 14001:2015<\/div>\r\n                                <div class=\"fs-16 lh-20\"><p>2013 haben wir die Umweltzertifizierung <strong>ISO 14001<\/strong> erstmals erfolgreich bestanden.<\/p>\n<\/div>\r\n                            <\/div>\r\n                            \r\n                            <div class=\"fs-14 lh-20 mt-4\">\r\n                                \r\n                                <div class=\"download-button\">\r\n                                    <div class=\"tech-img-wrapper\">\r\n                                        <a href=\"https:\/\/www.nafaxles.com\/wp-content\/uploads\/2025\/12\/ISO-14001_DE_2025.pdf\" target=\"_blank\" rel=\"noopener\"><img loading=\"lazy\" decoding=\"async\" width=\"111\" height=\"172\" src=\"https:\/\/www.nafaxles.com\/wp-content\/uploads\/2021\/08\/DT-NAF-Download-PDF-111x172-1.png\" class=\"attachment-full size-full\" alt=\"Dummy\" \/><\/a>\r\n                                    <\/div>\r\n                                <\/div>                            \r\n                                \r\n                            <\/div>\r\n                        <\/div>\r\n                    <\/div>\r\n                    \r\n                    <div class=\"col-12 col-md-6 px-4 p-md-0 mb-4 ps-md-4 ps-lg-0 order-last order-md-first\">\r\n                        <div class=\"bg-right\">\r\n                            <a href=\"https:\/\/www.nafaxles.com\/wp-content\/uploads\/2025\/12\/ISO-14001_DE_2025.pdf\" target=\"_blank\" rel=\"noopener\"><img loading=\"lazy\" decoding=\"async\" width=\"928\" height=\"1315\" src=\"https:\/\/www.nafaxles.com\/wp-content\/uploads\/2025\/12\/ISO-14001_DE_2025.jpg\" class=\"img-fluid\" alt=\"\" srcset=\"https:\/\/www.nafaxles.com\/wp-content\/uploads\/2025\/12\/ISO-14001_DE_2025.jpg 928w, https:\/\/www.nafaxles.com\/wp-content\/uploads\/2025\/12\/ISO-14001_DE_2025-212x300.jpg 212w, https:\/\/www.nafaxles.com\/wp-content\/uploads\/2025\/12\/ISO-14001_DE_2025-723x1024.jpg 723w, https:\/\/www.nafaxles.com\/wp-content\/uploads\/2025\/12\/ISO-14001_DE_2025-768x1088.jpg 768w\" sizes=\"auto, (max-width: 928px) 100vw, 928px\" \/><\/a>\r\n                        <\/div>\r\n                    <\/div>\r\n                                \r\n                <\/div>\r\n                <style>\r\n                    div.download-id-69f71e61ead863 .tech-img-wrapper:after {\r\n                    content: \"50001\";                    \r\n                    }<\/style>\r\n                <div class=\"row wt-test download-id-69f71e61ead863\">\r\n                            \r\n                    <div class=\"col-12 col-md-6 px-4 p-md-0 mb-lg-4 ps-md-4 ps-lg-0\">\r\n                        <div class=\"bg-left bg-blue\">\r\n                            <div>\r\n                                <div class=\"fs-20 lh-26 fw-extra-bold\">DIN EN ISO 50001:2018<\/div>\r\n                                <div class=\"fs-16 lh-20\"><p>Seit 2016 ist die NAF auch nach der<strong> ISO 50001<\/strong> Energiemanagementsysteme zertifiziert.<\/p>\n<\/div>\r\n                            <\/div>\r\n                            \r\n                            <div class=\"fs-14 lh-20 mt-4\">\r\n                                \r\n                                <div class=\"download-button\">\r\n                                    <div class=\"tech-img-wrapper\">\r\n                                        <a href=\"https:\/\/www.nafaxles.com\/wp-content\/uploads\/2025\/12\/ISO-50001_DE_2025.pdf\" target=\"_blank\" rel=\"noopener\"><img loading=\"lazy\" decoding=\"async\" width=\"111\" height=\"172\" src=\"https:\/\/www.nafaxles.com\/wp-content\/uploads\/2021\/08\/DT-NAF-Download-PDF-111x172-1.png\" class=\"attachment-full size-full\" alt=\"Dummy\" \/><\/a>\r\n                                    <\/div>\r\n                                <\/div>                            \r\n                                \r\n                            <\/div>\r\n                        <\/div>\r\n                    <\/div>\r\n                    \r\n                    <div class=\"col-12 col-md-6 px-4 p-md-0 mb-4 pe-md-4 pe-lg-0\">\r\n                        <div class=\"bg-right\">\r\n                            <a href=\"https:\/\/www.nafaxles.com\/wp-content\/uploads\/2025\/12\/ISO-50001_DE_2025.pdf\" target=\"_blank\" rel=\"noopener\"><img loading=\"lazy\" decoding=\"async\" width=\"926\" height=\"1315\" src=\"https:\/\/www.nafaxles.com\/wp-content\/uploads\/2025\/12\/ISO-50001_DE_2025.jpg\" class=\"img-fluid\" alt=\"\" srcset=\"https:\/\/www.nafaxles.com\/wp-content\/uploads\/2025\/12\/ISO-50001_DE_2025.jpg 926w, https:\/\/www.nafaxles.com\/wp-content\/uploads\/2025\/12\/ISO-50001_DE_2025-211x300.jpg 211w, https:\/\/www.nafaxles.com\/wp-content\/uploads\/2025\/12\/ISO-50001_DE_2025-721x1024.jpg 721w, https:\/\/www.nafaxles.com\/wp-content\/uploads\/2025\/12\/ISO-50001_DE_2025-768x1091.jpg 768w\" sizes=\"auto, (max-width: 926px) 100vw, 926px\" \/><\/a>\r\n                        <\/div>\r\n                    <\/div>\r\n                                \r\n                <\/div>\r\n                <style>\r\n                    div.download-id-69f71e61eaed34 .tech-img-wrapper:after {\r\n                    content: \"45001\";                    \r\n                    }<\/style>\r\n                <div class=\"row wt-test download-id-69f71e61eaed34\">\r\n                            \r\n                    <div class=\"col-12 col-md-6 px-4 p-md-0 mb-lg-4 pe-md-4 pe-lg-0\">\r\n                        <div class=\"bg-left bg-blue\">\r\n                            <div>\r\n                                <div class=\"fs-20 lh-26 fw-extra-bold\">DIN EN ISO 45001:2018<\/div>\r\n                                <div class=\"fs-16 lh-20\"><p>Neu hinzugekommen ist 2019 die Zertifizierung des Arbeits- und Gesundheitsschutzes nach der<strong> ISO 45001<\/strong>.<\/p>\n<\/div>\r\n                            <\/div>\r\n                            \r\n                            <div class=\"fs-14 lh-20 mt-4\">\r\n                                \r\n                                <div class=\"download-button\">\r\n                                    <div class=\"tech-img-wrapper\">\r\n                                        <a href=\"https:\/\/www.nafaxles.com\/wp-content\/uploads\/2025\/12\/ISO-45001_DE_2025.pdf\" target=\"_blank\" rel=\"noopener\"><img loading=\"lazy\" decoding=\"async\" width=\"111\" height=\"172\" src=\"https:\/\/www.nafaxles.com\/wp-content\/uploads\/2021\/08\/DT-NAF-Download-PDF-111x172-1.png\" class=\"attachment-full size-full\" alt=\"Dummy\" \/><\/a>\r\n                                    <\/div>\r\n                                <\/div>                            \r\n                                \r\n                            <\/div>\r\n                        <\/div>\r\n                    <\/div>\r\n                    \r\n                    <div class=\"col-12 col-md-6 px-4 p-md-0 mb-4 ps-md-4 ps-lg-0 order-last order-md-first\">\r\n                        <div class=\"bg-right\">\r\n                            <a href=\"https:\/\/www.nafaxles.com\/wp-content\/uploads\/2025\/12\/ISO-45001_DE_2025.pdf\" target=\"_blank\" rel=\"noopener\"><img loading=\"lazy\" decoding=\"async\" width=\"926\" height=\"1315\" src=\"https:\/\/www.nafaxles.com\/wp-content\/uploads\/2025\/12\/ISO-45001_DE_2025.jpg\" class=\"img-fluid\" alt=\"\" srcset=\"https:\/\/www.nafaxles.com\/wp-content\/uploads\/2025\/12\/ISO-45001_DE_2025.jpg 926w, https:\/\/www.nafaxles.com\/wp-content\/uploads\/2025\/12\/ISO-45001_DE_2025-211x300.jpg 211w, https:\/\/www.nafaxles.com\/wp-content\/uploads\/2025\/12\/ISO-45001_DE_2025-721x1024.jpg 721w, https:\/\/www.nafaxles.com\/wp-content\/uploads\/2025\/12\/ISO-45001_DE_2025-768x1091.jpg 768w\" sizes=\"auto, (max-width: 926px) 100vw, 926px\" \/><\/a>\r\n                        <\/div>\r\n                    <\/div>\r\n                                \r\n                <\/div>                                                             \r\n                    <\/div>\r\n                    \r\n                <\/div>                            \r\n            <\/div>                    \r\n        <\/div>\r\n                                                  \r\n    <\/section>\n\n\n<div style=\"height:100px\" aria-hidden=\"true\" class=\"wp-block-spacer\"><\/div>\n","protected":false},"excerpt":{"rendered":"","protected":false},"author":1,"featured_media":0,"parent":260,"menu_order":0,"comment_status":"closed","ping_status":"closed","template":"","meta":{"footnotes":""},"class_list":["post-297","page","type-page","status-publish","hentry"],"yoast_head":"<!-- This site is optimized with the Yoast SEO plugin v27.1.1 - https:\/\/yoast.com\/product\/yoast-seo-wordpress\/ -->\n<title>Qualit\u00e4t - NAF \u2013 Neunkirchener Achsenfabrik<\/title>\n<meta name=\"description\" content=\"Unsere Qualit\u00e4tsphilosophie und unsere Zertifikate.\" \/>\n<meta name=\"robots\" content=\"index, follow, max-snippet:-1, max-image-preview:large, max-video-preview:-1\" \/>\n<link rel=\"canonical\" href=\"https:\/\/www.nafaxles.com\/de\/ueber-uns\/qualitaet\/\" \/>\n<meta property=\"og:locale\" content=\"de_DE\" \/>\n<meta property=\"og:type\" content=\"article\" \/>\n<meta property=\"og:title\" content=\"Qualit\u00e4t - NAF \u2013 Neunkirchener Achsenfabrik\" \/>\n<meta property=\"og:description\" content=\"Unsere Qualit\u00e4tsphilosophie und unsere Zertifikate.\" \/>\n<meta property=\"og:url\" content=\"https:\/\/www.nafaxles.com\/de\/ueber-uns\/qualitaet\/\" \/>\n<meta property=\"og:site_name\" content=\"NAF \u2013 Neunkirchener Achsenfabrik\" \/>\n<meta property=\"article:publisher\" content=\"https:\/\/www.facebook.com\/NAF-Neunkirchener-Achsenfabrik-AG-159635987405144\/\" \/>\n<meta property=\"article:modified_time\" content=\"2025-12-02T15:38:42+00:00\" \/>\n<meta name=\"twitter:card\" content=\"summary_large_image\" \/>\n<meta name=\"twitter:site\" content=\"@nafaxles\" \/>\n<meta name=\"twitter:label1\" content=\"Gesch\u00e4tzte Lesezeit\" \/>\n\t<meta name=\"twitter:data1\" content=\"1\u00a0Minute\" \/>\n<script type=\"application\/ld+json\" class=\"yoast-schema-graph\">{\"@context\":\"https:\/\/schema.org\",\"@graph\":[{\"@type\":\"WebPage\",\"@id\":\"https:\/\/www.nafaxles.com\/de\/ueber-uns\/qualitaet\/\",\"url\":\"https:\/\/www.nafaxles.com\/de\/ueber-uns\/qualitaet\/\",\"name\":\"Qualit\u00e4t - NAF \u2013 Neunkirchener Achsenfabrik\",\"isPartOf\":{\"@id\":\"https:\/\/de.nafaxles.com\/#website\"},\"datePublished\":\"2021-07-28T10:13:40+00:00\",\"dateModified\":\"2025-12-02T15:38:42+00:00\",\"description\":\"Unsere Qualit\u00e4tsphilosophie und unsere Zertifikate.\",\"breadcrumb\":{\"@id\":\"https:\/\/www.nafaxles.com\/de\/ueber-uns\/qualitaet\/#breadcrumb\"},\"inLanguage\":\"de\",\"potentialAction\":[{\"@type\":\"ReadAction\",\"target\":[\"https:\/\/www.nafaxles.com\/de\/ueber-uns\/qualitaet\/\"]}]},{\"@type\":\"BreadcrumbList\",\"@id\":\"https:\/\/www.nafaxles.com\/de\/ueber-uns\/qualitaet\/#breadcrumb\",\"itemListElement\":[{\"@type\":\"ListItem\",\"position\":1,\"name\":\"Startseite\",\"item\":\"https:\/\/www.nafaxles.com\/de\/\"},{\"@type\":\"ListItem\",\"position\":2,\"name\":\"\u00dcber uns\",\"item\":\"https:\/\/de.nafaxles.com\/ueber-uns\/\"},{\"@type\":\"ListItem\",\"position\":3,\"name\":\"Qualit\u00e4t\"}]},{\"@type\":\"WebSite\",\"@id\":\"https:\/\/de.nafaxles.com\/#website\",\"url\":\"https:\/\/de.nafaxles.com\/\",\"name\":\"NAF \u2013 Neunkirchener Achsenfabrik\",\"description\":\"\",\"potentialAction\":[{\"@type\":\"SearchAction\",\"target\":{\"@type\":\"EntryPoint\",\"urlTemplate\":\"https:\/\/de.nafaxles.com\/?s={search_term_string}\"},\"query-input\":{\"@type\":\"PropertyValueSpecification\",\"valueRequired\":true,\"valueName\":\"search_term_string\"}}],\"inLanguage\":\"de\"}]}<\/script>\n<!-- \/ Yoast SEO plugin. -->","yoast_head_json":{"title":"Qualit\u00e4t - NAF \u2013 Neunkirchener Achsenfabrik","description":"Unsere Qualit\u00e4tsphilosophie und unsere Zertifikate.","robots":{"index":"index","follow":"follow","max-snippet":"max-snippet:-1","max-image-preview":"max-image-preview:large","max-video-preview":"max-video-preview:-1"},"canonical":"https:\/\/www.nafaxles.com\/de\/ueber-uns\/qualitaet\/","og_locale":"de_DE","og_type":"article","og_title":"Qualit\u00e4t - NAF \u2013 Neunkirchener Achsenfabrik","og_description":"Unsere Qualit\u00e4tsphilosophie und unsere Zertifikate.","og_url":"https:\/\/www.nafaxles.com\/de\/ueber-uns\/qualitaet\/","og_site_name":"NAF \u2013 Neunkirchener Achsenfabrik","article_publisher":"https:\/\/www.facebook.com\/NAF-Neunkirchener-Achsenfabrik-AG-159635987405144\/","article_modified_time":"2025-12-02T15:38:42+00:00","twitter_card":"summary_large_image","twitter_site":"@nafaxles","twitter_misc":{"Gesch\u00e4tzte Lesezeit":"1\u00a0Minute"},"schema":{"@context":"https:\/\/schema.org","@graph":[{"@type":"WebPage","@id":"https:\/\/www.nafaxles.com\/de\/ueber-uns\/qualitaet\/","url":"https:\/\/www.nafaxles.com\/de\/ueber-uns\/qualitaet\/","name":"Qualit\u00e4t - NAF \u2013 Neunkirchener Achsenfabrik","isPartOf":{"@id":"https:\/\/de.nafaxles.com\/#website"},"datePublished":"2021-07-28T10:13:40+00:00","dateModified":"2025-12-02T15:38:42+00:00","description":"Unsere Qualit\u00e4tsphilosophie und unsere Zertifikate.","breadcrumb":{"@id":"https:\/\/www.nafaxles.com\/de\/ueber-uns\/qualitaet\/#breadcrumb"},"inLanguage":"de","potentialAction":[{"@type":"ReadAction","target":["https:\/\/www.nafaxles.com\/de\/ueber-uns\/qualitaet\/"]}]},{"@type":"BreadcrumbList","@id":"https:\/\/www.nafaxles.com\/de\/ueber-uns\/qualitaet\/#breadcrumb","itemListElement":[{"@type":"ListItem","position":1,"name":"Startseite","item":"https:\/\/www.nafaxles.com\/de\/"},{"@type":"ListItem","position":2,"name":"\u00dcber uns","item":"https:\/\/de.nafaxles.com\/ueber-uns\/"},{"@type":"ListItem","position":3,"name":"Qualit\u00e4t"}]},{"@type":"WebSite","@id":"https:\/\/de.nafaxles.com\/#website","url":"https:\/\/de.nafaxles.com\/","name":"NAF \u2013 Neunkirchener Achsenfabrik","description":"","potentialAction":[{"@type":"SearchAction","target":{"@type":"EntryPoint","urlTemplate":"https:\/\/de.nafaxles.com\/?s={search_term_string}"},"query-input":{"@type":"PropertyValueSpecification","valueRequired":true,"valueName":"search_term_string"}}],"inLanguage":"de"}]}},"_links":{"self":[{"href":"https:\/\/www.nafaxles.com\/de\/wp-json\/wp\/v2\/pages\/297","targetHints":{"allow":["GET"]}}],"collection":[{"href":"https:\/\/www.nafaxles.com\/de\/wp-json\/wp\/v2\/pages"}],"about":[{"href":"https:\/\/www.nafaxles.com\/de\/wp-json\/wp\/v2\/types\/page"}],"author":[{"embeddable":true,"href":"https:\/\/www.nafaxles.com\/de\/wp-json\/wp\/v2\/users\/1"}],"replies":[{"embeddable":true,"href":"https:\/\/www.nafaxles.com\/de\/wp-json\/wp\/v2\/comments?post=297"}],"version-history":[{"count":13,"href":"https:\/\/www.nafaxles.com\/de\/wp-json\/wp\/v2\/pages\/297\/revisions"}],"predecessor-version":[{"id":10131,"href":"https:\/\/www.nafaxles.com\/de\/wp-json\/wp\/v2\/pages\/297\/revisions\/10131"}],"up":[{"embeddable":true,"href":"https:\/\/www.nafaxles.com\/de\/wp-json\/wp\/v2\/pages\/260"}],"wp:attachment":[{"href":"https:\/\/www.nafaxles.com\/de\/wp-json\/wp\/v2\/media?parent=297"}],"curies":[{"name":"wp","href":"https:\/\/api.w.org\/{rel}","templated":true}]}}